{"id":2214,"date":"2023-02-14T14:39:27","date_gmt":"2023-02-14T14:39:27","guid":{"rendered":"https:\/\/www.winzerhof-stahl.de\/produkt\/nachschlag-drink-pink-2022\/"},"modified":"2023-03-18T14:59:02","modified_gmt":"2023-03-18T14:59:02","slug":"nachschlag-drink-pink-2022","status":"publish","type":"product","link":"https:\/\/www.winzerhof-stahl.de\/en\/produkt\/nachschlag-drink-pink-2022\/","title":{"rendered":"NACHSCHLAG Drink Pink! 2022"},"content":{"rendered":"<p>Strong ros\u00e9 spring wine, fragrant on the nose, pleasantly dry and soft, creamy note, elegant, nuances of light berries. Taste with refreshing, moderate acidity and with nuances of bright summer fruits. Light and vibrant, yet punchy on the palate and with good length.<\/p>\n","protected":false},"excerpt":{"rendered":"<p>Strong ros\u00e9 spring wine, fragrant on the nose, pleasantly dry and soft, creamy note, elegant, nuances of light berries. Taste with refreshing, moderate acidity and with nuances of bright summer fruits. Light and vibrant, yet punchy on the palate and with good length.<\/p>\n","protected":false},"featured_media":655,"template":"","meta":{"_acf_changed":false},"product_brand":[],"product_cat":[82],"product_tag":[],"class_list":{"0":"post-2214","1":"product","2":"type-product","3":"status-publish","4":"has-post-thumbnail","6":"elevage-dry","7":"product_cat-nachschlag-en","9":"first","10":"instock","11":"taxable","12":"shipping-taxable","13":"purchasable","14":"product-type-simple"},"acf":[],"yoast_head":"<!-- This site is optimized with the Yoast SEO plugin v27.2 - https:\/\/yoast.com\/product\/yoast-seo-wordpress\/ -->\n<title>NACHSCHLAG Drink Pink! 2022 - Stahlwein<\/title>\n<meta name=\"robots\" content=\"index, follow, max-snippet:-1, max-image-preview:large, max-video-preview:-1\" \/>\n<link rel=\"canonical\" href=\"https:\/\/www.winzerhof-stahl.de\/en\/produkt\/nachschlag-drink-pink-2022\/\" \/>\n<meta property=\"og:locale\" content=\"en_US\" \/>\n<meta property=\"og:type\" content=\"article\" \/>\n<meta property=\"og:title\" content=\"NACHSCHLAG Drink Pink! 2022 - Stahlwein\" \/>\n<meta property=\"og:description\" content=\"Strong ros\u00e9 spring wine, fragrant on the nose, pleasantly dry and soft, creamy note, elegant, nuances of light berries. Taste with refreshing, moderate acidity and with nuances of bright summer fruits. Light and vibrant, yet punchy on the palate and with good length.\" \/>\n<meta property=\"og:url\" content=\"https:\/\/www.winzerhof-stahl.de\/en\/produkt\/nachschlag-drink-pink-2022\/\" \/>\n<meta property=\"og:site_name\" content=\"Stahlwein\" \/>\n<meta property=\"article:publisher\" content=\"https:\/\/www.facebook.com\/winzerhof.stahl\" \/>\n<meta property=\"article:modified_time\" content=\"2023-03-18T14:59:02+00:00\" \/>\n<meta property=\"og:image\" content=\"https:\/\/www.winzerhof-stahl.de\/wp-content\/uploads\/2023\/02\/Nachschlag_Stahl_Drink-Pink.jpg\" \/>\n\t<meta property=\"og:image:width\" content=\"1200\" \/>\n\t<meta property=\"og:image:height\" content=\"1200\" \/>\n\t<meta property=\"og:image:type\" content=\"image\/jpeg\" \/>\n<meta name=\"twitter:card\" content=\"summary_large_image\" \/>\n<script type=\"application\/ld+json\" class=\"yoast-schema-graph\">{\"@context\":\"https:\/\/schema.org\",\"@graph\":[{\"@type\":\"WebPage\",\"@id\":\"https:\/\/www.winzerhof-stahl.de\/en\/produkt\/nachschlag-drink-pink-2022\/\",\"url\":\"https:\/\/www.winzerhof-stahl.de\/en\/produkt\/nachschlag-drink-pink-2022\/\",\"name\":\"NACHSCHLAG Drink Pink! 2022 - Stahlwein\",\"isPartOf\":{\"@id\":\"https:\/\/www.winzerhof-stahl.de\/en\/#website\"},\"primaryImageOfPage\":{\"@id\":\"https:\/\/www.winzerhof-stahl.de\/en\/produkt\/nachschlag-drink-pink-2022\/#primaryimage\"},\"image\":{\"@id\":\"https:\/\/www.winzerhof-stahl.de\/en\/produkt\/nachschlag-drink-pink-2022\/#primaryimage\"},\"thumbnailUrl\":\"https:\/\/www.winzerhof-stahl.de\/wp-content\/uploads\/2023\/02\/Nachschlag_Stahl_Drink-Pink.jpg\",\"datePublished\":\"2023-02-14T14:39:27+00:00\",\"dateModified\":\"2023-03-18T14:59:02+00:00\",\"breadcrumb\":{\"@id\":\"https:\/\/www.winzerhof-stahl.de\/en\/produkt\/nachschlag-drink-pink-2022\/#breadcrumb\"},\"inLanguage\":\"en-US\",\"potentialAction\":[{\"@type\":\"ReadAction\",\"target\":[\"https:\/\/www.winzerhof-stahl.de\/en\/produkt\/nachschlag-drink-pink-2022\/\"]}]},{\"@type\":\"ImageObject\",\"inLanguage\":\"en-US\",\"@id\":\"https:\/\/www.winzerhof-stahl.de\/en\/produkt\/nachschlag-drink-pink-2022\/#primaryimage\",\"url\":\"https:\/\/www.winzerhof-stahl.de\/wp-content\/uploads\/2023\/02\/Nachschlag_Stahl_Drink-Pink.jpg\",\"contentUrl\":\"https:\/\/www.winzerhof-stahl.de\/wp-content\/uploads\/2023\/02\/Nachschlag_Stahl_Drink-Pink.jpg\",\"width\":1200,\"height\":1200,\"caption\":\"\\\"Drink Pink\\\" 2022. Kr\u00e4ftig ros\u00e9farbener Fr\u00fchlingswein aus der Serie \\\"Nachschlag\\\" vom Winzerhof Stahl, beste Weine aus Franken vom Main- und Taubertal\"},{\"@type\":\"BreadcrumbList\",\"@id\":\"https:\/\/www.winzerhof-stahl.de\/en\/produkt\/nachschlag-drink-pink-2022\/#breadcrumb\",\"itemListElement\":[{\"@type\":\"ListItem\",\"position\":1,\"name\":\"Startseite\",\"item\":\"https:\/\/www.winzerhof-stahl.de\/en\/\"},{\"@type\":\"ListItem\",\"position\":2,\"name\":\"Shop Archive\",\"item\":\"https:\/\/www.winzerhof-stahl.de\/en\/shop-archive\/\"},{\"@type\":\"ListItem\",\"position\":3,\"name\":\"NACHSCHLAG Drink Pink! 2022\"}]},{\"@type\":\"WebSite\",\"@id\":\"https:\/\/www.winzerhof-stahl.de\/en\/#website\",\"url\":\"https:\/\/www.winzerhof-stahl.de\/en\/\",\"name\":\"Winzerhof Stahl\",\"description\":\"#stahlwein online kaufen\",\"publisher\":{\"@id\":\"https:\/\/www.winzerhof-stahl.de\/en\/#organization\"},\"potentialAction\":[{\"@type\":\"SearchAction\",\"target\":{\"@type\":\"EntryPoint\",\"urlTemplate\":\"https:\/\/www.winzerhof-stahl.de\/en\/?s={search_term_string}\"},\"query-input\":{\"@type\":\"PropertyValueSpecification\",\"valueRequired\":true,\"valueName\":\"search_term_string\"}}],\"inLanguage\":\"en-US\"},{\"@type\":\"Organization\",\"@id\":\"https:\/\/www.winzerhof-stahl.de\/en\/#organization\",\"name\":\"Winzerhof Stahl\",\"url\":\"https:\/\/www.winzerhof-stahl.de\/en\/\",\"logo\":{\"@type\":\"ImageObject\",\"inLanguage\":\"en-US\",\"@id\":\"https:\/\/www.winzerhof-stahl.de\/en\/#\/schema\/logo\/image\/\",\"url\":\"https:\/\/www.winzerhof-stahl.de\/wp-content\/uploads\/2023\/05\/logo-Stahl-wein-restaurant-dunkelgrau.png\",\"contentUrl\":\"https:\/\/www.winzerhof-stahl.de\/wp-content\/uploads\/2023\/05\/logo-Stahl-wein-restaurant-dunkelgrau.png\",\"width\":400,\"height\":76,\"caption\":\"Winzerhof Stahl\"},\"image\":{\"@id\":\"https:\/\/www.winzerhof-stahl.de\/en\/#\/schema\/logo\/image\/\"},\"sameAs\":[\"https:\/\/www.facebook.com\/winzerhof.stahl\",\"https:\/\/www.instagram.com\/christianl.stahl\"]}]}<\/script>\n<!-- \/ Yoast SEO plugin. -->","yoast_head_json":{"title":"NACHSCHLAG Drink Pink! 2022 - Stahlwein","robots":{"index":"index","follow":"follow","max-snippet":"max-snippet:-1","max-image-preview":"max-image-preview:large","max-video-preview":"max-video-preview:-1"},"canonical":"https:\/\/www.winzerhof-stahl.de\/en\/produkt\/nachschlag-drink-pink-2022\/","og_locale":"en_US","og_type":"article","og_title":"NACHSCHLAG Drink Pink! 2022 - Stahlwein","og_description":"Strong ros\u00e9 spring wine, fragrant on the nose, pleasantly dry and soft, creamy note, elegant, nuances of light berries. Taste with refreshing, moderate acidity and with nuances of bright summer fruits. Light and vibrant, yet punchy on the palate and with good length.","og_url":"https:\/\/www.winzerhof-stahl.de\/en\/produkt\/nachschlag-drink-pink-2022\/","og_site_name":"Stahlwein","article_publisher":"https:\/\/www.facebook.com\/winzerhof.stahl","article_modified_time":"2023-03-18T14:59:02+00:00","og_image":[{"width":1200,"height":1200,"url":"https:\/\/www.winzerhof-stahl.de\/wp-content\/uploads\/2023\/02\/Nachschlag_Stahl_Drink-Pink.jpg","type":"image\/jpeg"}],"twitter_card":"summary_large_image","schema":{"@context":"https:\/\/schema.org","@graph":[{"@type":"WebPage","@id":"https:\/\/www.winzerhof-stahl.de\/en\/produkt\/nachschlag-drink-pink-2022\/","url":"https:\/\/www.winzerhof-stahl.de\/en\/produkt\/nachschlag-drink-pink-2022\/","name":"NACHSCHLAG Drink Pink! 2022 - Stahlwein","isPartOf":{"@id":"https:\/\/www.winzerhof-stahl.de\/en\/#website"},"primaryImageOfPage":{"@id":"https:\/\/www.winzerhof-stahl.de\/en\/produkt\/nachschlag-drink-pink-2022\/#primaryimage"},"image":{"@id":"https:\/\/www.winzerhof-stahl.de\/en\/produkt\/nachschlag-drink-pink-2022\/#primaryimage"},"thumbnailUrl":"https:\/\/www.winzerhof-stahl.de\/wp-content\/uploads\/2023\/02\/Nachschlag_Stahl_Drink-Pink.jpg","datePublished":"2023-02-14T14:39:27+00:00","dateModified":"2023-03-18T14:59:02+00:00","breadcrumb":{"@id":"https:\/\/www.winzerhof-stahl.de\/en\/produkt\/nachschlag-drink-pink-2022\/#breadcrumb"},"inLanguage":"en-US","potentialAction":[{"@type":"ReadAction","target":["https:\/\/www.winzerhof-stahl.de\/en\/produkt\/nachschlag-drink-pink-2022\/"]}]},{"@type":"ImageObject","inLanguage":"en-US","@id":"https:\/\/www.winzerhof-stahl.de\/en\/produkt\/nachschlag-drink-pink-2022\/#primaryimage","url":"https:\/\/www.winzerhof-stahl.de\/wp-content\/uploads\/2023\/02\/Nachschlag_Stahl_Drink-Pink.jpg","contentUrl":"https:\/\/www.winzerhof-stahl.de\/wp-content\/uploads\/2023\/02\/Nachschlag_Stahl_Drink-Pink.jpg","width":1200,"height":1200,"caption":"\"Drink Pink\" 2022. Kr\u00e4ftig ros\u00e9farbener Fr\u00fchlingswein aus der Serie \"Nachschlag\" vom Winzerhof Stahl, beste Weine aus Franken vom Main- und Taubertal"},{"@type":"BreadcrumbList","@id":"https:\/\/www.winzerhof-stahl.de\/en\/produkt\/nachschlag-drink-pink-2022\/#breadcrumb","itemListElement":[{"@type":"ListItem","position":1,"name":"Startseite","item":"https:\/\/www.winzerhof-stahl.de\/en\/"},{"@type":"ListItem","position":2,"name":"Shop Archive","item":"https:\/\/www.winzerhof-stahl.de\/en\/shop-archive\/"},{"@type":"ListItem","position":3,"name":"NACHSCHLAG Drink Pink! 2022"}]},{"@type":"WebSite","@id":"https:\/\/www.winzerhof-stahl.de\/en\/#website","url":"https:\/\/www.winzerhof-stahl.de\/en\/","name":"Winzerhof Stahl","description":"#stahlwein online kaufen","publisher":{"@id":"https:\/\/www.winzerhof-stahl.de\/en\/#organization"},"potentialAction":[{"@type":"SearchAction","target":{"@type":"EntryPoint","urlTemplate":"https:\/\/www.winzerhof-stahl.de\/en\/?s={search_term_string}"},"query-input":{"@type":"PropertyValueSpecification","valueRequired":true,"valueName":"search_term_string"}}],"inLanguage":"en-US"},{"@type":"Organization","@id":"https:\/\/www.winzerhof-stahl.de\/en\/#organization","name":"Winzerhof Stahl","url":"https:\/\/www.winzerhof-stahl.de\/en\/","logo":{"@type":"ImageObject","inLanguage":"en-US","@id":"https:\/\/www.winzerhof-stahl.de\/en\/#\/schema\/logo\/image\/","url":"https:\/\/www.winzerhof-stahl.de\/wp-content\/uploads\/2023\/05\/logo-Stahl-wein-restaurant-dunkelgrau.png","contentUrl":"https:\/\/www.winzerhof-stahl.de\/wp-content\/uploads\/2023\/05\/logo-Stahl-wein-restaurant-dunkelgrau.png","width":400,"height":76,"caption":"Winzerhof Stahl"},"image":{"@id":"https:\/\/www.winzerhof-stahl.de\/en\/#\/schema\/logo\/image\/"},"sameAs":["https:\/\/www.facebook.com\/winzerhof.stahl","https:\/\/www.instagram.com\/christianl.stahl"]}]}},"_links":{"self":[{"href":"https:\/\/www.winzerhof-stahl.de\/en\/wp-json\/wp\/v2\/product\/2214","targetHints":{"allow":["GET"]}}],"collection":[{"href":"https:\/\/www.winzerhof-stahl.de\/en\/wp-json\/wp\/v2\/product"}],"about":[{"href":"https:\/\/www.winzerhof-stahl.de\/en\/wp-json\/wp\/v2\/types\/product"}],"wp:featuredmedia":[{"embeddable":true,"href":"https:\/\/www.winzerhof-stahl.de\/en\/wp-json\/wp\/v2\/media\/655"}],"wp:attachment":[{"href":"https:\/\/www.winzerhof-stahl.de\/en\/wp-json\/wp\/v2\/media?parent=2214"}],"wp:term":[{"taxonomy":"product_brand","embeddable":true,"href":"https:\/\/www.winzerhof-stahl.de\/en\/wp-json\/wp\/v2\/product_brand?post=2214"},{"taxonomy":"product_cat","embeddable":true,"href":"https:\/\/www.winzerhof-stahl.de\/en\/wp-json\/wp\/v2\/product_cat?post=2214"},{"taxonomy":"product_tag","embeddable":true,"href":"https:\/\/www.winzerhof-stahl.de\/en\/wp-json\/wp\/v2\/product_tag?post=2214"}],"curies":[{"name":"wp","href":"https:\/\/api.w.org\/{rel}","templated":true}]}}